{"id":218,"date":"2025-01-08T15:36:20","date_gmt":"2025-01-08T15:36:20","guid":{"rendered":"https:\/\/autozonachile.cl\/?post_type=product&#038;p=218"},"modified":"2025-01-08T15:36:20","modified_gmt":"2025-01-08T15:36:20","slug":"modulo-canbus-protector-central-electrica-carro-remolque","status":"publish","type":"product","link":"https:\/\/autozonachile.cl\/index.php\/producto\/modulo-canbus-protector-central-electrica-carro-remolque\/","title":{"rendered":"Modulo Canbus Protector Central Electrica Carro Remolque"},"content":{"rendered":"<ul>\n<li>No incluye instalaci\u00f3n ni gastos de envi\u00f3.<\/li>\n<\/ul>\n","protected":false},"excerpt":{"rendered":"<ul>\n<li>El m\u00f3dulo MR200 sirve para conectar un carro de arrastre al auto sin interferir con el computador del mismo.<\/li>\n<li>Fabricado para prevenir posibles aver\u00edas y ofrecer protecci\u00f3n total de su veh\u00edculo con remolque.<\/li>\n<li>En caso de cortocircuito, mal funcionamiento de las luces LED del remolque y\/o sobrecarga a la central el\u00e9ctrica del computador del veh\u00edculo.<\/li>\n<\/ul>\n","protected":false},"featured_media":219,"comment_status":"open","ping_status":"closed","template":"","meta":{"_et_pb_use_builder":"","_et_pb_old_content":"","_et_gb_content_width":""},"product_cat":[34],"product_tag":[21,19,25],"class_list":{"0":"post-218","1":"product","2":"type-product","3":"status-publish","4":"has-post-thumbnail","6":"product_cat-acce-electricos","7":"product_tag-automotriz","8":"product_tag-offroad","9":"product_tag-overland","11":"first","12":"instock","13":"shipping-taxable","14":"purchasable","15":"product-type-simple"},"_links":{"self":[{"href":"https:\/\/autozonachile.cl\/index.php\/wp-json\/wp\/v2\/product\/218","targetHints":{"allow":["GET"]}}],"collection":[{"href":"https:\/\/autozonachile.cl\/index.php\/wp-json\/wp\/v2\/product"}],"about":[{"href":"https:\/\/autozonachile.cl\/index.php\/wp-json\/wp\/v2\/types\/product"}],"replies":[{"embeddable":true,"href":"https:\/\/autozonachile.cl\/index.php\/wp-json\/wp\/v2\/comments?post=218"}],"wp:featuredmedia":[{"embeddable":true,"href":"https:\/\/autozonachile.cl\/index.php\/wp-json\/wp\/v2\/media\/219"}],"wp:attachment":[{"href":"https:\/\/autozonachile.cl\/index.php\/wp-json\/wp\/v2\/media?parent=218"}],"wp:term":[{"taxonomy":"product_cat","embeddable":true,"href":"https:\/\/autozonachile.cl\/index.php\/wp-json\/wp\/v2\/product_cat?post=218"},{"taxonomy":"product_tag","embeddable":true,"href":"https:\/\/autozonachile.cl\/index.php\/wp-json\/wp\/v2\/product_tag?post=218"}],"curies":[{"name":"wp","href":"https:\/\/api.w.org\/{rel}","templated":true}]}}